{"id":138,"date":"2025-11-26T15:54:53","date_gmt":"2025-11-26T15:54:53","guid":{"rendered":"http:\/\/skshooting.pl\/?page_id=138"},"modified":"2025-11-30T20:59:49","modified_gmt":"2025-11-30T20:59:49","slug":"regulamin","status":"publish","type":"page","link":"https:\/\/skshooting.pl\/?page_id=138","title":{"rendered":"Regulamin"},"content":{"rendered":"\n\n<div class=\"prose\">\n  <h1 class=\"page-title text-center\">Regulamin serwisu<\/h1>\n\n  <h2>I. Poj\u0119cia og\u00f3lne<\/h2>\n  <ul>\n      <li><strong>Regulamin<\/strong> \u2013 niniejszy dokument normuj\u0105cy zasady korzystania z Serwisu.<\/li>\n      <li><strong>Serwis<\/strong> \u2013 platforma internetowa &#8222;skshooting.pl&#8221;, dost\u0119pna pod adresem https:\/\/skshooting.pl.<\/li>\n      <li><strong>Us\u0142ugodawca<\/strong> \u2013 osoba fizyczna &#8222;Sebastian Kwita&#8221;.<\/li>\n      <li><strong>Us\u0142ugobiorca<\/strong> \u2013 ka\u017cda osoba fizyczna, kt\u00f3ra uzyskuje dost\u0119p do Serwisu i korzysta z udost\u0119pnianych us\u0142ug.<\/li>\n      <li><strong>Komunikacja Drog\u0105 Elektroniczn\u0105<\/strong> \u2013 wszelka wymiana informacji za po\u015brednictwem poczty elektronicznej (e-mail) i formularzy online dost\u0119pnych w Serwisie.<\/li>\n  <\/ul>\n\n  <h2>II. Postanowienia og\u00f3lne<\/h2>\n  <ul>\n      <li>Regulamin okre\u015bla zasady dzia\u0142ania i u\u017cytkowania Serwisu oraz obowi\u0105zki i prawa Us\u0142ugobiorc\u00f3w i Us\u0142ugodawcy wynikaj\u0105ce z korzystania z Serwisu.<\/li>\n      <li>Przedmiotem us\u0142ug Us\u0142ugodawcy jest udost\u0119pnianie nieodp\u0142atnych funkcjonalno\u015bci Serwisu, pozwalaj\u0105cych Us\u0142ugobiorcom na dost\u0119p do tre\u015bci, materia\u0142\u00f3w audiowizualnych, aplikacji internetowych czy formularzy elektronicznych.<\/li>\n      <li>Wszelkie informacje publikowane w Serwisie (artyku\u0142y, wskaz\u00f3wki, materia\u0142y poradnikowe) maj\u0105 charakter og\u00f3lny i nie s\u0105 skierowane do konkretnych Us\u0142ugobiorc\u00f3w. Us\u0142ugodawca nie ponosi odpowiedzialno\u015bci za spos\u00f3b ich wykorzystania.<\/li>\n      <li>Us\u0142ugobiorca ponosi pe\u0142n\u0105 odpowiedzialno\u015b\u0107 za stosowanie materia\u0142\u00f3w dost\u0119pnych w Serwisie i korzystanie z nich zgodnie z w\u0142a\u015bciwymi przepisami prawa.<\/li>\n      <li>Us\u0142ugodawca nie gwarantuje przydatno\u015bci zamieszczonych w Serwisie materia\u0142\u00f3w do konkretnych cel\u00f3w.<\/li>\n      <li>Us\u0142ugodawca nie odpowiada za ewentualne straty czy szkody zwi\u0105zane z u\u017cytkowaniem Serwisu. Wszelkie dzia\u0142ania podejmowane przez Us\u0142ugobiorc\u0119 w Serwisie odbywaj\u0105 si\u0119 na jego wy\u0142\u0105czne ryzyko.<\/li>\n  <\/ul>\n\n  <h2>III. Warunki u\u017cywania Serwisu<\/h2>\n  <ul>\n      <li>Korzystanie z Serwisu jest dobrowolne i nie wi\u0105\u017ce si\u0119 z op\u0142atami.<\/li>\n      <li>Us\u0142ugobiorcy zobligowani s\u0105 do zapoznania si\u0119 z Regulaminem i innymi dokumentami powi\u0105zanymi oraz pe\u0142nej ich akceptacji, je\u015bli chc\u0105 kontynuowa\u0107 korzystanie z Serwisu.<\/li>\n      <li>Zakazane jest wykorzystywanie danych osobowych pozyskanych za po\u015brednictwem Serwisu w celach marketingowych bez zgody.<\/li>\n      <li>\n        <strong>Wymagania techniczne korzystania z Serwisu:<\/strong>\n        <ul>\n          <li>urz\u0105dzenie wyposa\u017cone w wy\u015bwietlacz umo\u017cliwiaj\u0105cy obs\u0142ug\u0119 stron WWW,<\/li>\n          <li>dost\u0119p do Internetu,<\/li>\n          <li>przegl\u0105darka internetowa zgodna ze standardami Konsorcjum W3C i obs\u0142uguj\u0105ca HTML5,<\/li>\n          <li>w\u0142\u0105czona obs\u0142uga skrypt\u00f3w JavaScript,<\/li>\n          <li>w\u0142\u0105czona obs\u0142uga plik\u00f3w Cookie.<\/li>\n        <\/ul>\n      <\/li>\n      <li>Aby zapewni\u0107 bezpiecze\u0144stwo wszystkim Us\u0142ugobiorcom oraz Us\u0142ugodawcy, zaleca si\u0119 stosowanie <a href=\"https:\/\/twojapka.pl\/\">powszechnych zasad bezpiecze\u0144stwa w Internecie<\/a>.<\/li>\n      <li>\n        Zabrania si\u0119 podejmowania dzia\u0142a\u0144, r\u0119cznie lub przy u\u017cyciu oprogramowania, kt\u00f3re prowadz\u0105 do:\n        <ul>\n          <li>dokonania dekompilacji i analizy kodu \u017ar\u00f3d\u0142owego bez pisemnej zgody,<\/li>\n          <li>generowania nadmiernego obci\u0105\u017cenia serwera Serwisu bez pisemnej zgody,<\/li>\n          <li>wykrywania luk w zabezpieczeniach i konfiguracji serwera bez pisemnej zgody,<\/li>\n          <li>wgrywania i injekcji jakiegokolwiek szkodliwego kodu, skrypt\u00f3w lub program\u00f3w,<\/li>\n          <li>pr\u00f3b \u015bledzenia lub kradzie\u017cy danych Us\u0142ugobiorc\u00f3w b\u0105d\u017a Us\u0142ugodawcy,<\/li>\n          <li>ingerowania w dzia\u0142anie Serwisu w spos\u00f3b uniemo\u017cliwiaj\u0105cy lub utrudniaj\u0105cy korzystanie z niego.<\/li>\n        <\/ul>\n      <\/li>\n      <li>W przypadku wykrycia incydentu Cyberbezpiecze\u0144stwa lub naruszenia RODO, nale\u017cy niezw\u0142ocznie poinformowa\u0107 Us\u0142ugodawc\u0119, aby umo\u017cliwi\u0107 szybk\u0105 reakcj\u0119 i zabezpieczenie interes\u00f3w wszystkich Us\u0142ugobiorc\u00f3w.<\/li>\n  <\/ul>\n\n  <h2>IV. Warunki oraz zasady rejestracji<\/h2>\n  <ul>\n      <li>Podstawowe korzystanie z Serwisu nie wymaga rejestracji.<\/li>\n      <li>Pe\u0142en dost\u0119p do dodatkowych funkcjonalno\u015bci Serwisu wymaga posiadania konta i logowania.<\/li>\n      <li>Rejestracja w Serwisie jest dobrowolna i bezp\u0142atna.<\/li>\n      <li>Ka\u017cdy Us\u0142ugobiorca mo\u017ce mie\u0107 tylko jedno konto w Serwisie.<\/li>\n      <li>\n        <strong>Wymagania techniczne do rejestracji konta:<\/strong>\n        <ul>\n          <li>posiadanie aktywnego adresu e-mail.<\/li>\n        <\/ul>\n      <\/li>\n      <li>Rejestracja oznacza zgod\u0119 Us\u0142ugobiorcy na przetwarzanie jego danych osobowych w zakresie wprowadzonym do Serwisu podczas procesu rejestracji oraz w trakcie p\u00f3\u017aniejszych zmian lub usuwania danych.<\/li>\n      <li>Us\u0142ugodawca zastrzega sobie prawo do zawieszania lub usuwania kont Us\u0142ugobiorc\u00f3w, je\u015bli naruszaj\u0105 oni Regulamin, dopuszczaj\u0105 si\u0119 dzia\u0142a\u0144 niezgodnych z prawem lub zasadami wsp\u00f3\u0142\u017cycia spo\u0142ecznego.<\/li>\n      <li>Us\u0142ugodawca mo\u017ce w dowolnym momencie modyfikowa\u0107 zakres dost\u0119pnych us\u0142ug w Serwisie, wprowadza\u0107 nowe, czasowo je zawiesza\u0107 lub ogranicza\u0107 dost\u0119p, wed\u0142ug w\u0142asnego uznania i bez konieczno\u015bci akceptacji ze strony Us\u0142ugobiorc\u00f3w.<\/li>\n      <li>\n        <strong>Dodatkowe zasady bezpiecze\u0144stwa konta:<\/strong>\n        <ul>\n          <li>Zabronione jest udost\u0119pnianie loginu i has\u0142a do konta osobom trzecim.<\/li>\n          <li>Us\u0142ugodawca nigdy nie prosi Us\u0142ugobiorcy o has\u0142o do konta.<\/li>\n        <\/ul>\n      <\/li>\n      <li>\n        <strong>Usuwanie konta:<\/strong>\n        <ul>\n          <li>Us\u0142ugobiorca mo\u017ce w dowolnym momencie usun\u0105\u0107 swoje konto w Serwisie.<\/li>\n          <li>Usuni\u0119cie konta jest mo\u017cliwe po zalogowaniu si\u0119 w panelu u\u017cytkownika.<\/li>\n          <li>Usuni\u0119cie konta prowadzi do usuni\u0119cia danych identyfikacyjnych Us\u0142ugobiorcy oraz anonimizacji nazwy u\u017cytkownika i adresu e-mail.<\/li>\n        <\/ul>\n      <\/li>\n  <\/ul>\n\n  <h2>V. Warunki \u015bwiadczenia us\u0142ugi Newsletter<\/h2>\n  <ul>\n      <li>Us\u0142ugobiorca nie musi zapisywa\u0107 si\u0119 do Newslettera, aby korzysta\u0107 z podstawowych funkcji Serwisu.<\/li>\n      <li>Subskrypcja Newslettera jest ca\u0142kowicie dobrowolna i bezp\u0142atna.<\/li>\n      <li>\n        <strong>Wymagania techniczne dla us\u0142ugi Newsletter:<\/strong>\n        <ul>\n          <li>posiadanie aktywnego adresu e-mail.<\/li>\n        <\/ul>\n      <\/li>\n      <li>\n        <strong>Warunki \u015bwiadczenia us\u0142ugi Newsletter:<\/strong>\n        <ul>\n          <li>podanie prawid\u0142owego adresu e-mail w elektronicznym formularzu,<\/li>\n          <li>potwierdzenie subskrypcji poprzez klikni\u0119cie w link aktywacyjny,<\/li>\n          <li>wyra\u017cenie zgody na otrzymywanie wiadomo\u015bci e-mail.<\/li>\n        <\/ul>\n      <\/li>\n      <li>\n        <strong>Zakres us\u0142ugi Newsletter obejmuje:<\/strong>\n        <ul>\n          <li>informacje o nowych tre\u015bciach, wydarzeniach, promocjach w ramach Serwisu,<\/li>\n          <li>informacje o ofertach promocyjnych partner\u00f3w Serwisu (wiadomo\u015bci marketingowe).<\/li>\n        <\/ul>\n      <\/li>\n      <li>\n        <strong>Wypisanie si\u0119 z Newslettera:<\/strong>\n        <ul>\n          <li>Us\u0142ugobiorca mo\u017ce w dowolnym momencie zrezygnowa\u0107 z subskrypcji Newslettera.<\/li>\n          <li>W ka\u017cdym newsletterze zamieszczony jest link rezygnacji.<\/li>\n          <li>Po rezygnacji adres e-mail Us\u0142ugobiorcy zostaje usuni\u0119ty z bazy Us\u0142ugodawcy.<\/li>\n        <\/ul>\n      <\/li>\n  <\/ul>\n\n  <h2>VI. Warunki komunikacji i \u015bwiadczenia pozosta\u0142ych us\u0142ug w Serwisie<\/h2>\n  <p>Serwis udost\u0119pnia dodatkowe funkcje i narz\u0119dzia interakcji z Serwisem, takie jak:<\/p>\n  <ul>\n      <li>Formularz kontaktowy<\/li>\n  <\/ul>\n  <p>Serwis udost\u0119pnia r\u00f3wnie\u017c nast\u0119puj\u0105ce dane kontaktowe:<\/p>\n  <ul>\n      <li>Formularz kontaktowy<\/li><li>Telefon kontaktowy<\/li>\n  <\/ul>\n  <p>Wszelkie dane osobowe przekazywane w ramach kontaktu z Us\u0142ugodawc\u0105 s\u0105 przetwarzane zgodnie z <a href=\"https:\/\/skshooting.pl\/polityka-prywatnosci\">Polityk\u0105 Prywatno\u015bci<\/a>, stanowi\u0105c\u0105 integraln\u0105 cz\u0119\u015b\u0107 Regulaminu.<\/p>\n  <p><strong>Warunki publikowania tre\u015bci przez Us\u0142ugobiorc\u00f3w w Serwisie:<\/strong><\/p>\n  <ul>\n      <li>Zabrania si\u0119 zamieszczania tre\u015bci, kt\u00f3re obra\u017caj\u0105 Us\u0142ugodawc\u0119, innych Us\u0142ugobiorc\u00f3w czy osoby trzecie.<\/li>\n      <li>Nie mo\u017cna publikowa\u0107 tre\u015bci tekstowych, graficznych czy audiowizualnych, do kt\u00f3rych nie posiada si\u0119 licencji czy zgody autora praw maj\u0105tkowych.<\/li>\n      <li>Niedozwolone jest dodawanie tre\u015bci wulgarnych, pornograficznych lub niezgodnych z prawem, a tak\u017ce odno\u015bnik\u00f3w do stron zawieraj\u0105cych takie materia\u0142y.<\/li>\n      <li>Zabrania si\u0119 publikowania skrypt\u00f3w, program\u00f3w czy innych plik\u00f3w nadmiernie obci\u0105\u017caj\u0105cych serwer lub stwarzaj\u0105cych zagro\u017cenie dla bezpiecze\u0144stwa, oraz link\u00f3w do takich zasob\u00f3w.<\/li>\n      <li>Zakazane jest publikowanie tre\u015bci marketingowych i reklamuj\u0105cych serwisy, produkty czy us\u0142ugi komercyjne bez zgody Us\u0142ugodawcy.<\/li>\n  <\/ul>\n\n  <h2>VII. Gromadzenie danych o Us\u0142ugobiorcach<\/h2>\n  <p>Ze wzgl\u0119d\u00f3w prawnych i bezpiecze\u0144stwa oraz w celu \u015bwiadczenia us\u0142ug zgodnie z prawem, Serwis gromadzi i przetwarza wybrane informacje o Us\u0142ugobiorcach.<\/p>\n  <p>Dla optymalnego dzia\u0142ania Serwisu korzystamy z plik\u00f3w cookies, w kt\u00f3rych mog\u0105 by\u0107 zapisywane anonimowe dane o aktywno\u015bci Us\u0142ugobiorcy.<\/p>\n  <p>Szczeg\u00f3\u0142owe informacje dotycz\u0105ce zakresu i sposobu przetwarzania danych dost\u0119pne s\u0105 w \u201e<a href=\"https:\/\/twojapka.pl\/polityka-prywatnosci\">Obowi\u0105zku informacyjnym RODO<\/a>\u201d oraz \u201e<a href=\"OPTIONS_8\">Polityce Prywatno\u015bci<\/a>\u201d, stanowi\u0105cych cz\u0119\u015b\u0107 Regulaminu.<\/p>\n  <ul>\n    <li>\n      <em>Dane zbierane automatycznie:<\/em><br>\n      Serwis gromadzi w spos\u00f3b automatyczny dane techniczne i statystyczne, takie jak:\n      <ul>\n        <li>Adres IP,<\/li>\n        <li>Typ przegl\u0105darki,<\/li>\n        <li>Rozdzielczo\u015b\u0107 ekranu,<\/li>\n        <li>Przybli\u017cona lokalizacja,<\/li>\n        <li>Otwierane podstrony,<\/li>\n        <li>Czas sp\u0119dzony na konkretnych podstronach,<\/li>\n        <li>Rodzaj systemu operacyjnego,<\/li>\n        <li>Adres poprzedniej podstrony,<\/li>\n        <li>Strona odsy\u0142aj\u0105ca,<\/li>\n        <li>J\u0119zyk przegl\u0105darki,<\/li>\n        <li>Pr\u0119dko\u015b\u0107 \u0142\u0105cza internetowego,<\/li>\n        <li>Dostawca us\u0142ug internetowych.<\/li>\n      <\/ul>\n      \n      <li>\n        <strong>Anonimowe dane demograficzne na podstawie Google Analytics:<\/strong>\n        <ul>\n          <li>Analiza ruchu i statystyk odwiedzin<\/li>\n          \n        <\/ul>\n      <\/li>\n    \n    <\/li>\n    <li>\n      <em>Dane zbierane podczas rejestracji:<\/em><br>\n      Nazwa u\u017cytkownika, imi\u0119 i nazwisko, adres e-mail\n      <p>U zalogowanych Us\u0142ugobiorc\u00f3w (posiadaj\u0105cych konto w Serwisie) w plikach cookies mog\u0105 by\u0107 zapisywane informacje powi\u0105zane z identyfikatorem konta.<\/p>\n    <\/li>\n    <li>\n      <em>Dane zbierane podczas zapisywania do newslettera:<\/em><br>\n      adres e-mail\n    <\/li>\n  <\/ul>\n\n  <h2>VIII. Prawa autorskie<\/h2>\n  <ul>\n      <li>W\u0142a\u015bcicielem Serwisu oraz praw autorskich do jego zawarto\u015bci jest Us\u0142ugodawca.<\/li>\n      <li>Wybrane tre\u015bci zamieszczone w Serwisie chronione s\u0105 prawami autorskimi innych podmiot\u00f3w i wykorzystywane na podstawie udzielonych licencji lub licencji darmowych.<\/li>\n      <li>Na podstawie Ustawy z dnia 4 lutego 1994 r. o prawie autorskim zabronione jest kopiowanie, powielanie lub przechowywanie tre\u015bci i materia\u0142\u00f3w (teksty, pliki graficzne, wideo, audio) dost\u0119pnych w Serwisie bez uzyskania pisemnej zgody w\u0142a\u015bciciela praw.<\/li>\n      <li>Zgodnie z Ustaw\u0105 z dnia 4 lutego 1994 r. o prawie autorskim, ochronie nie podlegaj\u0105 proste informacje prasowe. Mo\u017cliwe jest wykorzystywanie zawartych w nich informacji, o ile nie stanowi to kopiowania znacz\u0105cej cz\u0119\u015bci tekst\u00f3w bez pozwolenia.<\/li>\n  <\/ul>\n\n  <h2>IX. Zmiany Regulaminu<\/h2>\n  <ul>\n      <li>Postanowienia Regulaminu mog\u0105 ulec modyfikacji przez Us\u0142ugodawc\u0119 w dowolnym momencie.<\/li>\n      <li>Informacja o zmianie Regulaminu zostanie rozes\u0142ana zarejestrowanym Us\u0142ugobiorcom drog\u0105 elektroniczn\u0105.<\/li>\n      <li>W przypadku Us\u0142ugobiorc\u00f3w niezarejestrowanych, zmiany wchodz\u0105 w \u017cycie natychmiast po ich publikacji w Serwisie.<\/li>\n      <li>W przypadku Us\u0142ugobiorc\u00f3w zarejestrowanych przed zmian\u0105 Regulaminu, nowe postanowienia zaczynaj\u0105 obowi\u0105zywa\u0107 po up\u0142ywie 7 dni od publikacji.<\/li>\n      <li>Korzystanie z Serwisu po wprowadzeniu zmian w Regulaminie jest r\u00f3wnoznaczne z ich pe\u0142n\u0105 akceptacj\u0105.<\/li>\n  <\/ul>\n\n  <h2>X. Postanowienia ko\u0144cowe<\/h2>\n  <ul>\n      <li>Us\u0142ugodawca nie odpowiada w zakresie dozwolonym przez prawo za tre\u015bci publikowane przez Us\u0142ugobiorc\u00f3w, w tym za ich rzetelno\u015b\u0107 i legalno\u015b\u0107.<\/li>\n      <li>Us\u0142ugodawca dok\u0142ada stara\u0144, by Serwis dzia\u0142a\u0142 nieprzerwanie, jednak nie ponosi odpowiedzialno\u015bci za przerwy wynik\u0142e z przyczyn niezale\u017cnych, w tym dzia\u0142ania si\u0142y wy\u017cszej czy zewn\u0119trznego oprogramowania.<\/li>\n      <li>Us\u0142ugodawca zastrzega sobie prawo do modyfikacji zawarto\u015bci Serwisu, w\u0142\u0105czaj\u0105c w to funkcje i tre\u015bci, w dowolnym czasie bez powiadamiania Us\u0142ugobiorc\u00f3w.<\/li>\n      <li>Us\u0142ugodawca mo\u017ce czasowo wy\u0142\u0105czy\u0107 Serwis w celu przeprowadzenia prac konserwacyjnych, ulepsze\u0144 lub w innym uzasadnionym celu.<\/li>\n      <li>Us\u0142ugodawca zastrzega sobie prawo do trwa\u0142ego wy\u0142\u0105czenia Serwisu bez wcze\u015bniejszej notyfikacji.<\/li>\n      <li>Us\u0142ugodawca mo\u017ce przenie\u015b\u0107 w cz\u0119\u015bci lub w ca\u0142o\u015bci prawa i obowi\u0105zki zwi\u0105zane z Serwisem na inne podmioty, bez konieczno\u015bci uzyskania zgody Us\u0142ugobiorc\u00f3w.<\/li>\n      <li>Aktualne i archiwalne wersje Regulaminu dost\u0119pne s\u0105 w Serwisie na tej samej podstronie.<\/li>\n      <li>W sprawach zwi\u0105zanych z dzia\u0142alno\u015bci\u0105 Serwisu zaleca si\u0119 kontaktowa\u0107 z Us\u0142ugodawc\u0105 za po\u015brednictwem:\n        <ul>\n          <li>formularza kontaktowego w Serwisie,<\/li>\n          <li>wiadomo\u015bci e-mail: kontakt@skshooting.pl,<\/li>\n          <li>po\u0142\u0105czenia telefonicznego pod numer: +48727430001.<\/li>\n        <\/ul>\n        Kontakt dedykowany jest wy\u0142\u0105cznie kwestiom zwi\u0105zanym z funkcjonowaniem Serwisu.\n      <\/li>\n  <\/ul>\n<\/div>\n\n","protected":false},"excerpt":{"rendered":"<p>Regulamin serwisu I. Poj\u0119cia og\u00f3lne Regulamin \u2013 niniejszy dokument normuj\u0105cy zasady korzystania z Serwisu. Serwis \u2013 platforma internetowa &#8222;skshooting.pl&#8221;, dost\u0119pna pod adresem https:\/\/skshooting.pl. Us\u0142ugodawca \u2013 osoba fizyczna &#8222;Sebastian Kwita&#8221;. Us\u0142ugobiorca \u2013 ka\u017cda osoba fizyczna, kt\u00f3ra uzyskuje dost\u0119p do Serwisu i korzysta z udost\u0119pnianych us\u0142ug. Komunikacja Drog\u0105 Elektroniczn\u0105 \u2013 wszelka wymiana informacji za po\u015brednictwem poczty elektronicznej [&hellip;]<\/p>\n","protected":false},"author":2,"featured_media":0,"parent":0,"menu_order":0,"comment_status":"closed","ping_status":"closed","template":"","meta":{"footnotes":""},"class_list":["post-138","page","type-page","status-publish","hentry"],"_links":{"self":[{"href":"https:\/\/skshooting.pl\/index.php?rest_route=\/wp\/v2\/pages\/138","targetHints":{"allow":["GET"]}}],"collection":[{"href":"https:\/\/skshooting.pl\/index.php?rest_route=\/wp\/v2\/pages"}],"about":[{"href":"https:\/\/skshooting.pl\/index.php?rest_route=\/wp\/v2\/types\/page"}],"author":[{"embeddable":true,"href":"https:\/\/skshooting.pl\/index.php?rest_route=\/wp\/v2\/users\/2"}],"replies":[{"embeddable":true,"href":"https:\/\/skshooting.pl\/index.php?rest_route=%2Fwp%2Fv2%2Fcomments&post=138"}],"version-history":[{"count":2,"href":"https:\/\/skshooting.pl\/index.php?rest_route=\/wp\/v2\/pages\/138\/revisions"}],"predecessor-version":[{"id":410,"href":"https:\/\/skshooting.pl\/index.php?rest_route=\/wp\/v2\/pages\/138\/revisions\/410"}],"wp:attachment":[{"href":"https:\/\/skshooting.pl\/index.php?rest_route=%2Fwp%2Fv2%2Fmedia&parent=138"}],"curies":[{"name":"wp","href":"https:\/\/api.w.org\/{rel}","templated":true}]}}