{"id":135,"date":"2025-11-26T15:52:48","date_gmt":"2025-11-26T15:52:48","guid":{"rendered":"http:\/\/skshooting.pl\/?page_id=135"},"modified":"2025-12-10T10:12:02","modified_gmt":"2025-12-10T10:12:02","slug":"kontakt","status":"publish","type":"page","link":"https:\/\/skshooting.pl\/?page_id=135","title":{"rendered":"Kontakt"},"content":{"rendered":"\t\t<div data-elementor-type=\"wp-page\" data-elementor-id=\"135\" class=\"elementor elementor-135\" data-elementor-post-type=\"page\">\n\t\t\t\t<div class=\"elementor-element elementor-element-a667c2a e-flex e-con-boxed e-con e-parent\" data-id=\"a667c2a\" data-element_type=\"container\" data-e-type=\"container\">\n\t\t\t\t\t<div class=\"e-con-inner\">\n\t\t<div class=\"elementor-element elementor-element-b3aa098 e-con-full e-flex e-con e-child\" data-id=\"b3aa098\" data-element_type=\"container\" data-e-type=\"container\">\n\t\t\t\t<div class=\"elementor-element elementor-element-232fa39 elementor-widget elementor-widget-heading\" data-id=\"232fa39\" data-element_type=\"widget\" data-e-type=\"widget\" data-widget_type=\"heading.default\">\n\t\t\t\t\t<h2 class=\"elementor-heading-title elementor-size-default\">Rezerwacja<\/h2>\t\t\t\t<\/div>\n\t\t\t\t<div class=\"elementor-element elementor-element-bcf1b06 elementor-widget elementor-widget-text-editor\" data-id=\"bcf1b06\" data-element_type=\"widget\" data-e-type=\"widget\" data-widget_type=\"text-editor.default\">\n\t\t\t\t\t\t\t\t\t<p>Instruktor strzelectwa<\/p>\t\t\t\t\t\t\t\t<\/div>\n\t\t\t\t<div class=\"elementor-element elementor-element-8dc04f1 elementor-widget elementor-widget-heading\" data-id=\"8dc04f1\" data-element_type=\"widget\" data-e-type=\"widget\" data-widget_type=\"heading.default\">\n\t\t\t\t\t<h2 class=\"elementor-heading-title elementor-size-default\">Sebastian Kwita<\/h2>\t\t\t\t<\/div>\n\t\t\t\t<div class=\"elementor-element elementor-element-c935dff elementor-icon-list--layout-traditional elementor-list-item-link-full_width elementor-widget elementor-widget-icon-list\" data-id=\"c935dff\" data-element_type=\"widget\" data-e-type=\"widget\" data-widget_type=\"icon-list.default\">\n\t\t\t\t\t\t\t<ul class=\"elementor-icon-list-items\">\n\t\t\t\t\t\t\t<li class=\"elementor-icon-list-item\">\n\t\t\t\t\t\t\t\t\t\t\t<a href=\"tel:+48723430001\">\n\n\t\t\t\t\t\t\t\t\t\t\t\t<span class=\"elementor-icon-list-icon\">\n\t\t\t\t\t\t\t<i aria-hidden=\"true\" class=\"material-icons md-local_phone\"><\/i>\t\t\t\t\t\t<\/span>\n\t\t\t\t\t\t\t\t\t\t<span class=\"elementor-icon-list-text\">+48 727 430 001<\/span>\n\t\t\t\t\t\t\t\t\t\t\t<\/a>\n\t\t\t\t\t\t\t\t\t<\/li>\n\t\t\t\t\t\t\t\t<li class=\"elementor-icon-list-item\">\n\t\t\t\t\t\t\t\t\t\t\t<a href=\"mailto:kontakt@skshooting.pl\">\n\n\t\t\t\t\t\t\t\t\t\t\t\t<span class=\"elementor-icon-list-icon\">\n\t\t\t\t\t\t\t<i aria-hidden=\"true\" class=\"material-icons md-email\"><\/i>\t\t\t\t\t\t<\/span>\n\t\t\t\t\t\t\t\t\t\t<span class=\"elementor-icon-list-text\">kontakt@skshooting.pl<\/span>\n\t\t\t\t\t\t\t\t\t\t\t<\/a>\n\t\t\t\t\t\t\t\t\t<\/li>\n\t\t\t\t\t\t<\/ul>\n\t\t\t\t\t\t<\/div>\n\t\t\t\t<\/div>\n\t\t<div class=\"elementor-element elementor-element-ce7d63a e-con-full e-flex e-con e-child\" data-id=\"ce7d63a\" data-element_type=\"container\" data-e-type=\"container\">\n\t\t\t\t<div class=\"elementor-element elementor-element-46c93d0 elementor-widget elementor-widget-heading\" data-id=\"46c93d0\" data-element_type=\"widget\" data-e-type=\"widget\" data-widget_type=\"heading.default\">\n\t\t\t\t\t<h2 class=\"elementor-heading-title elementor-size-default\">Adres:<\/h2>\t\t\t\t<\/div>\n\t\t\t\t<div class=\"elementor-element elementor-element-d577751 elementor-widget elementor-widget-text-editor\" data-id=\"d577751\" data-element_type=\"widget\" data-e-type=\"widget\" data-widget_type=\"text-editor.default\">\n\t\t\t\t\t\t\t\t\t<p>Karchowo 63-800<\/p>\t\t\t\t\t\t\t\t<\/div>\n\t\t\t\t<\/div>\n\t\t\t\t\t<\/div>\n\t\t\t\t<\/div>\n\t\t<div class=\"elementor-element elementor-element-ce26269 e-flex e-con-boxed e-con e-parent\" data-id=\"ce26269\" data-element_type=\"container\" data-e-type=\"container\">\n\t\t\t\t\t<div class=\"e-con-inner\">\n\t\t\t\t<div class=\"elementor-element elementor-element-e0fbfcf elementor-widget elementor-widget-image\" data-id=\"e0fbfcf\" data-element_type=\"widget\" data-e-type=\"widget\" data-widget_type=\"image.default\">\n\t\t\t\t\t\t\t\t\t\t\t\t\t\t\t<img fetchpriority=\"high\" decoding=\"async\" width=\"800\" height=\"165\" src=\"https:\/\/skshooting.pl\/wp-content\/uploads\/2025\/12\/baner_strzelnica-1024x211.jpg\" class=\"attachment-large size-large wp-image-433\" alt=\"\" srcset=\"https:\/\/skshooting.pl\/wp-content\/uploads\/2025\/12\/baner_strzelnica-1024x211.jpg 1024w, https:\/\/skshooting.pl\/wp-content\/uploads\/2025\/12\/baner_strzelnica-300x62.jpg 300w, https:\/\/skshooting.pl\/wp-content\/uploads\/2025\/12\/baner_strzelnica-768x158.jpg 768w, https:\/\/skshooting.pl\/wp-content\/uploads\/2025\/12\/baner_strzelnica-1536x317.jpg 1536w, https:\/\/skshooting.pl\/wp-content\/uploads\/2025\/12\/baner_strzelnica-760x157.jpg 760w, https:\/\/skshooting.pl\/wp-content\/uploads\/2025\/12\/baner_strzelnica-370x76.jpg 370w, https:\/\/skshooting.pl\/wp-content\/uploads\/2025\/12\/baner_strzelnica.jpg 2048w\" sizes=\"(max-width: 800px) 100vw, 800px\" \/>\t\t\t\t\t\t\t\t\t\t\t\t\t\t\t<\/div>\n\t\t\t\t\t<\/div>\n\t\t\t\t<\/div>\n\t\t<div class=\"elementor-element elementor-element-3311082 e-flex e-con-boxed e-con e-parent\" data-id=\"3311082\" data-element_type=\"container\" data-e-type=\"container\" data-settings=\"{&quot;background_background&quot;:&quot;classic&quot;}\">\n\t\t\t\t\t<div class=\"e-con-inner\">\n\t\t\t\t<div class=\"elementor-element elementor-element-eb61cd9 elementor-widget elementor-widget-google_maps\" data-id=\"eb61cd9\" data-element_type=\"widget\" data-e-type=\"widget\" data-widget_type=\"google_maps.default\">\n\t\t\t\t\t\t\t<div class=\"elementor-custom-embed\">\n\t\t\t<iframe loading=\"lazy\"\n\t\t\t\t\tsrc=\"https:\/\/maps.google.com\/maps?q=Strzelnica%20ryszard%20henzel%20karchowo&#038;t=m&#038;z=12&#038;output=embed&#038;iwloc=near\"\n\t\t\t\t\ttitle=\"Strzelnica ryszard henzel karchowo\"\n\t\t\t\t\taria-label=\"Strzelnica ryszard henzel karchowo\"\n\t\t\t><\/iframe>\n\t\t<\/div>\n\t\t\t\t\t\t<\/div>\n\t\t\t\t<div class=\"elementor-element elementor-element-656e991 elementor-align-center elementor-widget elementor-widget-button\" data-id=\"656e991\" data-element_type=\"widget\" data-e-type=\"widget\" data-widget_type=\"button.default\">\n\t\t\t\t\t\t\t\t\t\t<a class=\"elementor-button elementor-button-link elementor-size-sm elementor-animation-grow\" href=\"https:\/\/www.google.com\/maps\/dir\/52.3975916,16.957617\/Strzelnica+Tarcza+Karchowo+Ryszard+Henzel,+63-800+Karchowo\/@52.1495652,16.5510291,10z\/data=!3m1!4b1!4m18!1m7!3m6!1s0x4705a17a81227901:0x2e39a7e356475380!2sStrzelnica+Tarcza+Karchowo+Ryszard+Henzel!8m2!3d51.9024577!4d16.8037059!16s%2Fg%2F11ypqvlx0_!4m9!1m1!4e1!1m5!1m1!1s0x4705a17a81227901:0x2e39a7e356475380!2m2!1d16.8037059!2d51.9024577!3e3?hl=pl&#038;entry=ttu&#038;g_ep=EgoyMDI1MTEyMy4xIKXMDSoASAFQAw%3D%3D\">\n\t\t\t\t\t\t<span class=\"elementor-button-content-wrapper\">\n\t\t\t\t\t\t<span class=\"elementor-button-icon\">\n\t\t\t\t<svg aria-hidden=\"true\" class=\"e-font-icon-svg e-fas-map-marked\" viewBox=\"0 0 576 512\" xmlns=\"http:\/\/www.w3.org\/2000\/svg\"><path d=\"M288 0c-69.59 0-126 56.41-126 126 0 56.26 82.35 158.8 113.9 196.02 6.39 7.54 17.82 7.54 24.2 0C331.65 284.8 414 182.26 414 126 414 56.41 357.59 0 288 0zM20.12 215.95A32.006 32.006 0 0 0 0 245.66v250.32c0 11.32 11.43 19.06 21.94 14.86L160 448V214.92c-8.84-15.98-16.07-31.54-21.25-46.42L20.12 215.95zM288 359.67c-14.07 0-27.38-6.18-36.51-16.96-19.66-23.2-40.57-49.62-59.49-76.72v182l192 64V266c-18.92 27.09-39.82 53.52-59.49 76.72-9.13 10.77-22.44 16.95-36.51 16.95zm266.06-198.51L416 224v288l139.88-55.95A31.996 31.996 0 0 0 576 426.34V176.02c0-11.32-11.43-19.06-21.94-14.86z\"><\/path><\/svg>\t\t\t<\/span>\n\t\t\t\t\t\t\t\t\t<span class=\"elementor-button-text\">Naci\u015bnij aby wyznaczy\u0107&nbsp;tras\u0119 <\/span>\n\t\t\t\t\t<\/span>\n\t\t\t\t\t<\/a>\n\t\t\t\t\t\t\t\t<\/div>\n\t\t\t\t\t<\/div>\n\t\t\t\t<\/div>\n\t\t\t\t<\/div>\n\t\t","protected":false},"excerpt":{"rendered":"<p>Rezerwacja Instruktor strzelectwa Sebastian Kwita +48 727 430 001 kontakt@skshooting.pl Adres: Karchowo 63-800 Naci\u015bnij aby wyznaczy\u0107&nbsp;tras\u0119<\/p>\n","protected":false},"author":2,"featured_media":0,"parent":0,"menu_order":0,"comment_status":"closed","ping_status":"closed","template":"","meta":{"footnotes":""},"class_list":["post-135","page","type-page","status-publish","hentry"],"_links":{"self":[{"href":"https:\/\/skshooting.pl\/index.php?rest_route=\/wp\/v2\/pages\/135","targetHints":{"allow":["GET"]}}],"collection":[{"href":"https:\/\/skshooting.pl\/index.php?rest_route=\/wp\/v2\/pages"}],"about":[{"href":"https:\/\/skshooting.pl\/index.php?rest_route=\/wp\/v2\/types\/page"}],"author":[{"embeddable":true,"href":"https:\/\/skshooting.pl\/index.php?rest_route=\/wp\/v2\/users\/2"}],"replies":[{"embeddable":true,"href":"https:\/\/skshooting.pl\/index.php?rest_route=%2Fwp%2Fv2%2Fcomments&post=135"}],"version-history":[{"count":34,"href":"https:\/\/skshooting.pl\/index.php?rest_route=\/wp\/v2\/pages\/135\/revisions"}],"predecessor-version":[{"id":439,"href":"https:\/\/skshooting.pl\/index.php?rest_route=\/wp\/v2\/pages\/135\/revisions\/439"}],"wp:attachment":[{"href":"https:\/\/skshooting.pl\/index.php?rest_route=%2Fwp%2Fv2%2Fmedia&parent=135"}],"curies":[{"name":"wp","href":"https:\/\/api.w.org\/{rel}","templated":true}]}}