{"id":120,"date":"2025-11-26T15:17:03","date_gmt":"2025-11-26T15:17:03","guid":{"rendered":"http:\/\/skshooting.pl\/?page_id=120"},"modified":"2025-11-30T20:54:23","modified_gmt":"2025-11-30T20:54:23","slug":"aktualnosci","status":"publish","type":"page","link":"https:\/\/skshooting.pl\/?page_id=120","title":{"rendered":"Aktualno\u015bci"},"content":{"rendered":"\t\t<div data-elementor-type=\"wp-page\" data-elementor-id=\"120\" class=\"elementor elementor-120\" data-elementor-post-type=\"page\">\n\t\t\t\t<div class=\"elementor-element elementor-element-757b840 e-flex e-con-boxed e-con e-parent\" data-id=\"757b840\" data-element_type=\"container\" data-e-type=\"container\">\n\t\t\t\t\t<div class=\"e-con-inner\">\n\t\t\t\t<div class=\"elementor-element elementor-element-3762df7 elementor-widget elementor-widget-heading\" data-id=\"3762df7\" data-element_type=\"widget\" data-e-type=\"widget\" data-widget_type=\"heading.default\">\n\t\t\t\t\t<h2 class=\"elementor-heading-title elementor-size-default\">Aktualno\u015bci<\/h2>\t\t\t\t<\/div>\n\t\t\t\t<div class=\"elementor-element elementor-element-451c302 elementor-posts--align-left elementor-grid-3 elementor-grid-tablet-2 elementor-grid-mobile-1 elementor-posts--thumbnail-top elementor-widget elementor-widget-posts\" data-id=\"451c302\" data-element_type=\"widget\" data-e-type=\"widget\" data-settings=\"{&quot;classic_columns&quot;:&quot;3&quot;,&quot;classic_columns_tablet&quot;:&quot;2&quot;,&quot;classic_columns_mobile&quot;:&quot;1&quot;,&quot;classic_row_gap&quot;:{&quot;unit&quot;:&quot;px&quot;,&quot;size&quot;:35,&quot;sizes&quot;:[]},&quot;classic_row_gap_tablet&quot;:{&quot;unit&quot;:&quot;px&quot;,&quot;size&quot;:&quot;&quot;,&quot;sizes&quot;:[]},&quot;classic_row_gap_mobile&quot;:{&quot;unit&quot;:&quot;px&quot;,&quot;size&quot;:&quot;&quot;,&quot;sizes&quot;:[]}}\" data-widget_type=\"posts.classic\">\n\t\t\t\t<div class=\"elementor-widget-container\">\n\t\t\t\t\t\t\t<div class=\"elementor-posts-container elementor-posts elementor-posts--skin-classic elementor-grid\" role=\"list\">\n\t\t\t\t<article class=\"elementor-post elementor-grid-item post-1 post type-post status-publish format-standard has-post-thumbnail hentry category-uncategorized\" role=\"listitem\">\n\t\t\t\t<a class=\"elementor-post__thumbnail__link\" href=\"https:\/\/skshooting.pl\/?p=1\" tabindex=\"-1\" >\n\t\t\t<div class=\"elementor-post__thumbnail\"><img fetchpriority=\"high\" decoding=\"async\" width=\"760\" height=\"428\" src=\"https:\/\/skshooting.pl\/wp-content\/uploads\/2025\/11\/DSC_0680-760x428.webp\" class=\"attachment-trx_addons-thumb-big size-trx_addons-thumb-big wp-image-305\" alt=\"\" srcset=\"https:\/\/skshooting.pl\/wp-content\/uploads\/2025\/11\/DSC_0680-760x428.webp 760w, https:\/\/skshooting.pl\/wp-content\/uploads\/2025\/11\/DSC_0680-1170x658.webp 1170w, https:\/\/skshooting.pl\/wp-content\/uploads\/2025\/11\/DSC_0680-370x208.webp 370w, https:\/\/skshooting.pl\/wp-content\/uploads\/2025\/11\/DSC_0680-270x152.webp 270w\" sizes=\"(max-width: 767px) 100vw, 760px\" \/><\/div>\n\t\t<\/a>\n\t\t\t\t<div class=\"elementor-post__text\">\n\t\t\t\t<h3 class=\"elementor-post__title\">\n\t\t\t<a href=\"https:\/\/skshooting.pl\/?p=1\" >\n\t\t\t\tWitamy w Strzelnicy Karchowo \u2013 Twoim miejscu dla strzeleckich pasji!\t\t\t<\/a>\n\t\t<\/h3>\n\t\t\t\t<div class=\"elementor-post__meta-data\">\n\t\t\t\t\t<span class=\"elementor-post-date\">\n\t\t\t25 wrze\u015bnia, 2025\t\t<\/span>\n\t\t\t\t<span class=\"elementor-post-avatar\">\n\t\t\tJeden komentarz\t\t<\/span>\n\t\t\t\t<\/div>\n\t\t\t\t<div class=\"elementor-post__excerpt\">\n\t\t\t<p>Szukasz miejsca, gdzie mo\u017cesz sprawdzi\u0107 swoje umiej\u0119tno\u015bci strzeleckie, nauczy\u0107 si\u0119 obs\u0142ugi broni lub po prostu sp\u0119dzi\u0107 czas w aktywny spos\u00f3b? [Nazwa Strzelnicy] to idealne miejsce<\/p>\n\t\t<\/div>\n\t\t\n\t\t<a class=\"elementor-post__read-more\" href=\"https:\/\/skshooting.pl\/?p=1\" aria-label=\"Read more about Witamy w Strzelnicy Karchowo \u2013 Twoim miejscu dla strzeleckich pasji!\" tabindex=\"-1\" >\n\t\t\tCzytaj dalej -&gt;\t\t<\/a>\n\n\t\t\t\t<\/div>\n\t\t\t\t<\/article>\n\t\t\t\t<\/div>\n\t\t\n\t\t\t\t\t\t<\/div>\n\t\t\t\t<\/div>\n\t\t\t\t\t<\/div>\n\t\t\t\t<\/div>\n\t\t\t\t<\/div>\n\t\t","protected":false},"excerpt":{"rendered":"<p>Tutaj znajdziesz aktualno\u015bci o naszej stronie. Wydarzenia, konkursy i promocje<\/p>\n","protected":false},"author":2,"featured_media":0,"parent":0,"menu_order":0,"comment_status":"closed","ping_status":"closed","template":"","meta":{"footnotes":""},"class_list":["post-120","page","type-page","status-publish","hentry"],"_links":{"self":[{"href":"https:\/\/skshooting.pl\/index.php?rest_route=\/wp\/v2\/pages\/120","targetHints":{"allow":["GET"]}}],"collection":[{"href":"https:\/\/skshooting.pl\/index.php?rest_route=\/wp\/v2\/pages"}],"about":[{"href":"https:\/\/skshooting.pl\/index.php?rest_route=\/wp\/v2\/types\/page"}],"author":[{"embeddable":true,"href":"https:\/\/skshooting.pl\/index.php?rest_route=\/wp\/v2\/users\/2"}],"replies":[{"embeddable":true,"href":"https:\/\/skshooting.pl\/index.php?rest_route=%2Fwp%2Fv2%2Fcomments&post=120"}],"version-history":[{"count":19,"href":"https:\/\/skshooting.pl\/index.php?rest_route=\/wp\/v2\/pages\/120\/revisions"}],"predecessor-version":[{"id":407,"href":"https:\/\/skshooting.pl\/index.php?rest_route=\/wp\/v2\/pages\/120\/revisions\/407"}],"wp:attachment":[{"href":"https:\/\/skshooting.pl\/index.php?rest_route=%2Fwp%2Fv2%2Fmedia&parent=120"}],"curies":[{"name":"wp","href":"https:\/\/api.w.org\/{rel}","templated":true}]}}