{"id":116,"date":"2025-11-26T15:16:40","date_gmt":"2025-11-26T15:16:40","guid":{"rendered":"http:\/\/skshooting.pl\/?page_id=116"},"modified":"2025-12-10T10:16:32","modified_gmt":"2025-12-10T10:16:32","slug":"oferta","status":"publish","type":"page","link":"https:\/\/skshooting.pl\/?page_id=116","title":{"rendered":"Oferta"},"content":{"rendered":"\t\t<div data-elementor-type=\"wp-page\" data-elementor-id=\"116\" class=\"elementor elementor-116\" data-elementor-post-type=\"page\">\n\t\t\t\t<div class=\"elementor-element elementor-element-a1fd09a e-flex e-con-boxed e-con e-parent\" data-id=\"a1fd09a\" data-element_type=\"container\" data-e-type=\"container\">\n\t\t\t\t\t<div class=\"e-con-inner\">\n\t\t<div class=\"elementor-element elementor-element-bbfa3aa e-con-full e-flex e-con e-child\" data-id=\"bbfa3aa\" data-element_type=\"container\" data-e-type=\"container\" data-settings=\"{&quot;background_background&quot;:&quot;classic&quot;}\">\n\t\t\t\t<div class=\"elementor-element elementor-element-5b42788 elementor-invisible elementor-widget elementor-widget-heading\" data-id=\"5b42788\" data-element_type=\"widget\" data-e-type=\"widget\" data-settings=\"{&quot;_animation&quot;:&quot;fadeIn&quot;}\" data-widget_type=\"heading.default\">\n\t\t\t\t\t<h2 class=\"elementor-heading-title elementor-size-default\">DO\u015aWIADCZENIE<\/h2>\t\t\t\t<\/div>\n\t\t\t\t<div class=\"elementor-element elementor-element-00c6226 elementor-invisible elementor-widget elementor-widget-text-editor\" data-id=\"00c6226\" data-element_type=\"widget\" data-e-type=\"widget\" data-settings=\"{&quot;_animation&quot;:&quot;fadeInUp&quot;}\" data-widget_type=\"text-editor.default\">\n\t\t\t\t\t\t\t\t\t<p data-start=\"522\" data-end=\"667\">Seria intensywnych szkole\u0144 z zakresu <strong data-start=\"292\" data-end=\"328\">strzelectwa bojowego i obronnego<\/strong>, skoncentrowanych na praktycznym wykorzystaniu <strong data-start=\"376\" data-end=\"408\">pistolet\u00f3w samopowtarzalnych<\/strong>.<br data-start=\"409\" data-end=\"412\" \/>Zaj\u0119cia s\u0105 skierowane do wszystkich, kt\u00f3rzy chc\u0105 zdoby\u0107 nowe umiej\u0119tno\u015bci, rozwin\u0105\u0107 technik\u0119 i nauczy\u0107 si\u0119 \u015bwiadomie pracowa\u0107 z broni\u0105 kr\u00f3tk\u0105.<\/p>\t\t\t\t\t\t\t\t<\/div>\n\t\t\t\t<div class=\"elementor-element elementor-element-0f061d0 elementor-invisible elementor-widget elementor-widget-text-editor\" data-id=\"0f061d0\" data-element_type=\"widget\" data-e-type=\"widget\" data-settings=\"{&quot;_animation&quot;:&quot;fadeInUp&quot;}\" data-widget_type=\"text-editor.default\">\n\t\t\t\t\t\t\t\t\t<p data-start=\"522\" data-end=\"667\">Nasze szkolenia idealnie sprawdz\u0105 si\u0119 dla:<\/p>\t\t\t\t\t\t\t\t<\/div>\n\t\t\t\t<div class=\"elementor-element elementor-element-d507cf0 elementor-invisible elementor-widget elementor-widget-text-editor\" data-id=\"d507cf0\" data-element_type=\"widget\" data-e-type=\"widget\" data-settings=\"{&quot;_animation&quot;:&quot;fadeInUp&quot;}\" data-widget_type=\"text-editor.default\">\n\t\t\t\t\t\t\t\t\t<ul><li data-start=\"600\" data-end=\"656\"><p data-start=\"602\" data-end=\"656\">os\u00f3b regularnie trenuj\u0105cych strzelectwo rekreacyjne,<\/p><\/li><li data-start=\"657\" data-end=\"722\"><p data-start=\"659\" data-end=\"722\">posiadaczy broni palnej chc\u0105cych podnie\u015b\u0107 swoje umiej\u0119tno\u015bci,<\/p><\/li><li data-start=\"723\" data-end=\"787\"><p data-start=\"725\" data-end=\"787\">przedstawicieli s\u0142u\u017cb mundurowych (policja, wojsko, SG, SW),<\/p><\/li><li data-start=\"788\" data-end=\"812\"><p data-start=\"790\" data-end=\"812\">pracownik\u00f3w ochrony,<\/p><\/li><li data-start=\"813\" data-end=\"895\"><p data-start=\"815\" data-end=\"895\">oraz ka\u017cdego, kto chce czu\u0107 si\u0119 pewnie i bezpiecznie podczas pracy z pistoletem.<\/p><\/li><\/ul>\t\t\t\t\t\t\t\t<\/div>\n\t\t\t\t<div class=\"elementor-element elementor-element-3b95afa elementor-invisible elementor-widget elementor-widget-text-editor\" data-id=\"3b95afa\" data-element_type=\"widget\" data-e-type=\"widget\" data-settings=\"{&quot;_animation&quot;:&quot;fadeInUp&quot;}\" data-widget_type=\"text-editor.default\">\n\t\t\t\t\t\t\t\t\t<p data-start=\"602\" data-end=\"656\">W SKShooting szkolenia podzielili\u015bmy na <strong data-start=\"938\" data-end=\"954\">trzy poziomy<\/strong>, aby ka\u017cdy m\u00f3g\u0142 doskonali\u0107 si\u0119 w odpowiednim tempie:<\/p>\t\t\t\t\t\t\t\t<\/div>\n\t\t<div class=\"elementor-element elementor-element-21de077 e-con-full e-flex e-con e-child\" data-id=\"21de077\" data-element_type=\"container\" data-e-type=\"container\" data-settings=\"{&quot;background_background&quot;:&quot;classic&quot;}\">\n\t\t\t\t<div class=\"elementor-element elementor-element-1d81584 elementor-invisible elementor-widget elementor-widget-heading\" data-id=\"1d81584\" data-element_type=\"widget\" data-e-type=\"widget\" data-settings=\"{&quot;_animation&quot;:&quot;fadeIn&quot;}\" data-widget_type=\"heading.default\">\n\t\t\t\t\t<h2 class=\"elementor-heading-title elementor-size-default\">PISTOLET \u2013 POZIOM I (PODSTAWOWY)<\/h2>\t\t\t\t<\/div>\n\t\t\t\t<div class=\"elementor-element elementor-element-c70a183 elementor-invisible elementor-widget elementor-widget-text-editor\" data-id=\"c70a183\" data-element_type=\"widget\" data-e-type=\"widget\" data-settings=\"{&quot;_animation&quot;:&quot;fadeInUp&quot;}\" data-widget_type=\"text-editor.default\">\n\t\t\t\t\t\t\t\t\t<p data-start=\"602\" data-end=\"656\">Szkolenie stworzone z my\u015bl\u0105 o osobach, kt\u00f3re:<\/p>\t\t\t\t\t\t\t\t<\/div>\n\t\t\t\t<div class=\"elementor-element elementor-element-168820f elementor-invisible elementor-widget elementor-widget-text-editor\" data-id=\"168820f\" data-element_type=\"widget\" data-e-type=\"widget\" data-settings=\"{&quot;_animation&quot;:&quot;fadeInUp&quot;}\" data-widget_type=\"text-editor.default\">\n\t\t\t\t\t\t\t\t\t<ul data-start=\"1102\" data-end=\"1249\"><li data-start=\"1102\" data-end=\"1146\"><p data-start=\"1104\" data-end=\"1146\">nie mia\u0142y wcze\u015bniej styczno\u015bci z broni\u0105,<\/p><\/li><li data-start=\"1147\" data-end=\"1192\"><p data-start=\"1149\" data-end=\"1192\">s\u0105 na pocz\u0105tku swojej drogi strzeleckiej,<\/p><\/li><li data-start=\"1193\" data-end=\"1249\"><p data-start=\"1195\" data-end=\"1249\">posiadaj\u0105 bro\u0144, ale chc\u0105 utrwali\u0107 prawid\u0142owe podstawy.<\/p><\/li><\/ul><p data-start=\"1251\" data-end=\"1438\">\u00a0<\/p>\t\t\t\t\t\t\t\t<\/div>\n\t\t\t\t<div class=\"elementor-element elementor-element-022a1db elementor-invisible elementor-widget elementor-widget-text-editor\" data-id=\"022a1db\" data-element_type=\"widget\" data-e-type=\"widget\" data-settings=\"{&quot;_animation&quot;:&quot;fadeInUp&quot;}\" data-widget_type=\"text-editor.default\">\n\t\t\t\t\t\t\t\t\t<p data-start=\"602\" data-end=\"656\">Podczas zaj\u0119\u0107 uczestnicy poznaj\u0105 fundamenty bezpiecznego pos\u0142ugiwania si\u0119 pistoletem, poprawn\u0105 postaw\u0119, chwyt, zgrywanie przyrz\u0105d\u00f3w celowniczych oraz podstawowe techniki pracy na spu\u015bcie.<\/p>\t\t\t\t\t\t\t\t<\/div>\n\t\t\t\t<\/div>\n\t\t<div class=\"elementor-element elementor-element-bcf0a2f e-con-full e-flex e-con e-child\" data-id=\"bcf0a2f\" data-element_type=\"container\" data-e-type=\"container\">\n\t\t\t\t<div class=\"elementor-element elementor-element-babcbf5 elementor-invisible elementor-widget elementor-widget-heading\" data-id=\"babcbf5\" data-element_type=\"widget\" data-e-type=\"widget\" data-settings=\"{&quot;_animation&quot;:&quot;fadeIn&quot;}\" data-widget_type=\"heading.default\">\n\t\t\t\t\t<h2 class=\"elementor-heading-title elementor-size-default\">PISTOLET \u2013 POZIOM II (\u015aREDNI)<\/h2>\t\t\t\t<\/div>\n\t\t\t\t<div class=\"elementor-element elementor-element-4c3dee9 elementor-invisible elementor-widget elementor-widget-text-editor\" data-id=\"4c3dee9\" data-element_type=\"widget\" data-e-type=\"widget\" data-settings=\"{&quot;_animation&quot;:&quot;fadeInUp&quot;}\" data-widget_type=\"text-editor.default\">\n\t\t\t\t\t\t\t\t\t<p data-start=\"602\" data-end=\"656\">Drugi etap szkolenia dla os\u00f3b, kt\u00f3re maj\u0105 ju\u017c opanowane podstawy i chc\u0105 wej\u015b\u0107 na wy\u017cszy poziom.<br data-start=\"1595\" data-end=\"1598\" \/>Stawiamy na praktyczne i skuteczne rozwi\u0105zania \u2014 takie, kt\u00f3re realnie sprawdzaj\u0105 si\u0119 podczas dzia\u0142ania pod presj\u0105.<\/p>\t\t\t\t\t\t\t\t<\/div>\n\t\t\t\t<div class=\"elementor-element elementor-element-fec01e9 elementor-invisible elementor-widget elementor-widget-text-editor\" data-id=\"fec01e9\" data-element_type=\"widget\" data-e-type=\"widget\" data-settings=\"{&quot;_animation&quot;:&quot;fadeInUp&quot;}\" data-widget_type=\"text-editor.default\">\n\t\t\t\t\t\t\t\t\t<p data-start=\"602\" data-end=\"656\">W programie m.in.:<\/p>\t\t\t\t\t\t\t\t<\/div>\n\t\t\t\t<div class=\"elementor-element elementor-element-f17f680 elementor-invisible elementor-widget elementor-widget-text-editor\" data-id=\"f17f680\" data-element_type=\"widget\" data-e-type=\"widget\" data-settings=\"{&quot;_animation&quot;:&quot;fadeInUp&quot;}\" data-widget_type=\"text-editor.default\">\n\t\t\t\t\t\t\t\t\t<ul><li data-start=\"1734\" data-end=\"1761\"><p data-start=\"1736\" data-end=\"1761\">dobycie broni z kabury,<\/p><\/li><li data-start=\"1762\" data-end=\"1795\"><p data-start=\"1764\" data-end=\"1795\">r\u00f3\u017cne techniki prze\u0142adowania,<\/p><\/li><li data-start=\"1796\" data-end=\"1830\"><p data-start=\"1798\" data-end=\"1830\">usuwanie najcz\u0119stszych zaci\u0119\u0107,<\/p><\/li><li data-start=\"1831\" data-end=\"1899\"><p data-start=\"1833\" data-end=\"1899\">szybka i kontrolowana praca na spu\u015bcie przy zachowaniu celno\u015bci.<\/p><\/li><\/ul>\t\t\t\t\t\t\t\t<\/div>\n\t\t\t\t<div class=\"elementor-element elementor-element-abe2062 elementor-invisible elementor-widget elementor-widget-text-editor\" data-id=\"abe2062\" data-element_type=\"widget\" data-e-type=\"widget\" data-settings=\"{&quot;_animation&quot;:&quot;fadeInUp&quot;}\" data-widget_type=\"text-editor.default\">\n\t\t\t\t\t\t\t\t\t<p data-start=\"602\" data-end=\"656\">To szkolenie znacz\u0105co podnosi pewno\u015b\u0107 i p\u0142ynno\u015b\u0107 w obs\u0142udze pistoletu.<\/p>\t\t\t\t\t\t\t\t<\/div>\n\t\t\t\t<\/div>\n\t\t<div class=\"elementor-element elementor-element-bc6359a e-con-full e-flex e-con e-child\" data-id=\"bc6359a\" data-element_type=\"container\" data-e-type=\"container\" data-settings=\"{&quot;background_background&quot;:&quot;classic&quot;}\">\n\t\t\t\t<div class=\"elementor-element elementor-element-dc492de elementor-invisible elementor-widget elementor-widget-heading\" data-id=\"dc492de\" data-element_type=\"widget\" data-e-type=\"widget\" data-settings=\"{&quot;_animation&quot;:&quot;fadeIn&quot;}\" data-widget_type=\"heading.default\">\n\t\t\t\t\t<h2 class=\"elementor-heading-title elementor-size-default\">PISTOLET \u2013 POZIOM III (ZAAWANSOWANY)<\/h2>\t\t\t\t<\/div>\n\t\t\t\t<div class=\"elementor-element elementor-element-7c436a3 elementor-invisible elementor-widget elementor-widget-text-editor\" data-id=\"7c436a3\" data-element_type=\"widget\" data-e-type=\"widget\" data-settings=\"{&quot;_animation&quot;:&quot;fadeInUp&quot;}\" data-widget_type=\"text-editor.default\">\n\t\t\t\t\t\t\t\t\t<p data-start=\"602\" data-end=\"656\">Koncentrujemy si\u0119 m.in. na:<\/p>\t\t\t\t\t\t\t\t<\/div>\n\t\t\t\t<div class=\"elementor-element elementor-element-c3c13ec elementor-invisible elementor-widget elementor-widget-text-editor\" data-id=\"c3c13ec\" data-element_type=\"widget\" data-e-type=\"widget\" data-settings=\"{&quot;_animation&quot;:&quot;fadeInUp&quot;}\" data-widget_type=\"text-editor.default\">\n\t\t\t\t\t\t\t\t\t<p data-start=\"602\" data-end=\"656\">W programie m.in.:<\/p>\t\t\t\t\t\t\t\t<\/div>\n\t\t\t\t<div class=\"elementor-element elementor-element-ac5fa82 elementor-invisible elementor-widget elementor-widget-text-editor\" data-id=\"ac5fa82\" data-element_type=\"widget\" data-e-type=\"widget\" data-settings=\"{&quot;_animation&quot;:&quot;fadeInUp&quot;}\" data-widget_type=\"text-editor.default\">\n\t\t\t\t\t\t\t\t\t<ul><li data-start=\"1734\" data-end=\"1761\"><p data-start=\"1736\" data-end=\"1761\">dobycie broni z kabury,<\/p><\/li><li data-start=\"1762\" data-end=\"1795\"><p data-start=\"1764\" data-end=\"1795\">r\u00f3\u017cne techniki prze\u0142adowania,<\/p><\/li><li data-start=\"1796\" data-end=\"1830\"><p data-start=\"1798\" data-end=\"1830\">usuwanie najcz\u0119stszych zaci\u0119\u0107,<\/p><\/li><li data-start=\"1831\" data-end=\"1899\"><p data-start=\"1833\" data-end=\"1899\">szybka i kontrolowana praca na spu\u015bcie przy zachowaniu celno\u015bci.<\/p><\/li><\/ul>\t\t\t\t\t\t\t\t<\/div>\n\t\t\t\t<div class=\"elementor-element elementor-element-f7261f3 elementor-invisible elementor-widget elementor-widget-text-editor\" data-id=\"f7261f3\" data-element_type=\"widget\" data-e-type=\"widget\" data-settings=\"{&quot;_animation&quot;:&quot;fadeInUp&quot;}\" data-widget_type=\"text-editor.default\">\n\t\t\t\t\t\t\t\t\t<p data-start=\"602\" data-end=\"656\">To szkolenie znacz\u0105co podnosi pewno\u015b\u0107 i p\u0142ynno\u015b\u0107 w obs\u0142udze pistoletu.<\/p>\t\t\t\t\t\t\t\t<\/div>\n\t\t\t\t<\/div>\n\t\t\t\t<\/div>\n\t\t\t\t<div class=\"elementor-element elementor-element-39e9c1e elementor-widget elementor-widget-heading\" data-id=\"39e9c1e\" data-element_type=\"widget\" data-e-type=\"widget\" data-widget_type=\"heading.default\">\n\t\t\t\t\t<h2 class=\"elementor-heading-title elementor-size-default\">Skontaktuj si\u0119 z nami!<\/h2>\t\t\t\t<\/div>\n\t\t<div class=\"elementor-element elementor-element-e324b6e e-con-full e-flex elementor-invisible e-con e-child\" data-id=\"e324b6e\" data-element_type=\"container\" data-e-type=\"container\" data-settings=\"{&quot;background_background&quot;:&quot;classic&quot;,&quot;animation&quot;:&quot;fadeIn&quot;}\">\n\t\t\t\t<div class=\"elementor-element elementor-element-fb1bee0 elementor-button-align-stretch elementor-widget elementor-widget-form\" data-id=\"fb1bee0\" data-element_type=\"widget\" data-e-type=\"widget\" data-settings=\"{&quot;step_next_label&quot;:&quot;Next&quot;,&quot;step_previous_label&quot;:&quot;Previous&quot;,&quot;button_width&quot;:&quot;100&quot;,&quot;step_type&quot;:&quot;number_text&quot;,&quot;step_icon_shape&quot;:&quot;circle&quot;}\" data-widget_type=\"form.default\">\n\t\t\t\t\t\t\t<form class=\"elementor-form\" method=\"post\" name=\"New Form\" aria-label=\"New Form\">\n\t\t\t<input type=\"hidden\" name=\"post_id\" value=\"116\"\/>\n\t\t\t<input type=\"hidden\" name=\"form_id\" value=\"fb1bee0\"\/>\n\t\t\t<input type=\"hidden\" name=\"referer_title\" value=\"Oferta\" \/>\n\n\t\t\t\t\t\t\t<input type=\"hidden\" name=\"queried_id\" value=\"116\"\/>\n\t\t\t\n\t\t\t<div class=\"elementor-form-fields-wrapper elementor-labels-above\">\n\t\t\t\t\t\t\t\t<div class=\"elementor-field-type-text elementor-field-group elementor-column elementor-field-group-name elementor-col-100\">\n\t\t\t\t\t\t\t\t\t\t\t\t<label for=\"form-field-name\" class=\"elementor-field-label\">\n\t\t\t\t\t\t\t\tImi\u0119 i nazwisko\t\t\t\t\t\t\t<\/label>\n\t\t\t\t\t\t\t\t\t\t\t\t\t\t<input size=\"1\" type=\"text\" name=\"form_fields[name]\" id=\"form-field-name\" class=\"elementor-field elementor-size-sm  elementor-field-textual\" placeholder=\"Imi\u0119 i nazwisko\">\n\t\t\t\t\t\t\t\t\t\t\t<\/div>\n\t\t\t\t\t\t\t\t<div class=\"elementor-field-type-email elementor-field-group elementor-column elementor-field-group-email elementor-col-100 elementor-field-required\">\n\t\t\t\t\t\t\t\t\t\t\t\t<label for=\"form-field-email\" class=\"elementor-field-label\">\n\t\t\t\t\t\t\t\tEmail\t\t\t\t\t\t\t<\/label>\n\t\t\t\t\t\t\t\t\t\t\t\t\t\t<input size=\"1\" type=\"email\" name=\"form_fields[email]\" id=\"form-field-email\" class=\"elementor-field elementor-size-sm  elementor-field-textual\" placeholder=\"Email\" required=\"required\">\n\t\t\t\t\t\t\t\t\t\t\t<\/div>\n\t\t\t\t\t\t\t\t<div class=\"elementor-field-type-textarea elementor-field-group elementor-column elementor-field-group-message elementor-col-100\">\n\t\t\t\t\t\t\t\t\t\t\t\t<label for=\"form-field-message\" class=\"elementor-field-label\">\n\t\t\t\t\t\t\t\tWiadomo\u015b\u0107\t\t\t\t\t\t\t<\/label>\n\t\t\t\t\t\t<textarea class=\"elementor-field-textual elementor-field  elementor-size-sm\" name=\"form_fields[message]\" id=\"form-field-message\" rows=\"4\" placeholder=\"Tre\u015b\u0107 wiadomo\u015bci\"><\/textarea>\t\t\t\t<\/div>\n\t\t\t\t\t\t\t\t<div class=\"elementor-field-group elementor-column elementor-field-type-submit elementor-col-100 e-form__buttons\">\n\t\t\t\t\t<button class=\"elementor-button elementor-size-md\" type=\"submit\">\n\t\t\t\t\t\t<span class=\"elementor-button-content-wrapper\">\n\t\t\t\t\t\t\t\t\t\t\t\t\t\t\t\t\t\t\t\t\t\t<span class=\"elementor-button-text\">Wy\u015blij<\/span>\n\t\t\t\t\t\t\t\t\t\t\t\t\t<\/span>\n\t\t\t\t\t<\/button>\n\t\t\t\t<\/div>\n\t\t\t<\/div>\n\t\t<\/form>\n\t\t\t\t\t\t<\/div>\n\t\t\t\t<\/div>\n\t\t\t\t\t<\/div>\n\t\t\t\t<\/div>\n\t\t\t\t<\/div>\n\t\t","protected":false},"excerpt":{"rendered":"<p>DO\u015aWIADCZENIE Seria intensywnych szkole\u0144 z zakresu strzelectwa bojowego i obronnego, skoncentrowanych na praktycznym wykorzystaniu pistolet\u00f3w samopowtarzalnych.Zaj\u0119cia s\u0105 skierowane do wszystkich, kt\u00f3rzy chc\u0105 zdoby\u0107 nowe umiej\u0119tno\u015bci, rozwin\u0105\u0107 technik\u0119 i nauczy\u0107 si\u0119 \u015bwiadomie pracowa\u0107 z broni\u0105 kr\u00f3tk\u0105. Nasze szkolenia idealnie sprawdz\u0105 si\u0119 dla: os\u00f3b regularnie trenuj\u0105cych strzelectwo rekreacyjne, posiadaczy broni palnej chc\u0105cych podnie\u015b\u0107 swoje umiej\u0119tno\u015bci, przedstawicieli s\u0142u\u017cb [&hellip;]<\/p>\n","protected":false},"author":2,"featured_media":0,"parent":0,"menu_order":0,"comment_status":"closed","ping_status":"closed","template":"","meta":{"footnotes":""},"class_list":["post-116","page","type-page","status-publish","hentry"],"_links":{"self":[{"href":"https:\/\/skshooting.pl\/index.php?rest_route=\/wp\/v2\/pages\/116","targetHints":{"allow":["GET"]}}],"collection":[{"href":"https:\/\/skshooting.pl\/index.php?rest_route=\/wp\/v2\/pages"}],"about":[{"href":"https:\/\/skshooting.pl\/index.php?rest_route=\/wp\/v2\/types\/page"}],"author":[{"embeddable":true,"href":"https:\/\/skshooting.pl\/index.php?rest_route=\/wp\/v2\/users\/2"}],"replies":[{"embeddable":true,"href":"https:\/\/skshooting.pl\/index.php?rest_route=%2Fwp%2Fv2%2Fcomments&post=116"}],"version-history":[{"count":13,"href":"https:\/\/skshooting.pl\/index.php?rest_route=\/wp\/v2\/pages\/116\/revisions"}],"predecessor-version":[{"id":442,"href":"https:\/\/skshooting.pl\/index.php?rest_route=\/wp\/v2\/pages\/116\/revisions\/442"}],"wp:attachment":[{"href":"https:\/\/skshooting.pl\/index.php?rest_route=%2Fwp%2Fv2%2Fmedia&parent=116"}],"curies":[{"name":"wp","href":"https:\/\/api.w.org\/{rel}","templated":true}]}}